{"id":117,"date":"2021-01-21T07:48:50","date_gmt":"2021-01-21T07:48:50","guid":{"rendered":"http:\/\/kanzlei-stefanwagner.de\/?page_id=117"},"modified":"2021-01-21T07:59:29","modified_gmt":"2021-01-21T07:59:29","slug":"leistungen","status":"publish","type":"page","link":"https:\/\/kanzlei-stefanwagner.de\/?page_id=117","title":{"rendered":"Leistungen"},"content":{"rendered":"\n<p><span style=\"color:#10456f\" class=\"has-inline-color\"><strong>Unternehmen<\/strong><\/span><br>Juristische und steuerliche Beratung bei der Unternehmensf\u00fchrung und Steuerung. Beratungsleistungen hinsichtlich<\/p>\n\n\n\n<ul class=\"wp-block-list\"><li>Steuergestaltung<\/li><li>unternehmerischer und betriebswirtschaftlicher Fragen des betrieblichen Rechnungswesens und des internen Kontrollsystems<\/li><li>Existenzgr\u00fcndungsfragen und in Sanierungsf\u00e4llen<\/li><li>Erstellung von Lohn- und Finanzbuchhaltung<\/li><li>Begleitung bei der Durchf\u00fchrung von Pr\u00fcfungen durch Wirtschaftspr\u00fcfer oder Betriebspr\u00fcfer<\/li><li>Vertretung vor Gerichten und Beh\u00f6rden<\/li><li>Spezialwissen im Bereich der Pr\u00fcfung und Beratung im Krankenhaus (kleinerer bis hin zu b\u00f6rsennotierten) und Altenheim<\/li><li>Durchf\u00fchrung von Sonderpr\u00fcfungen, \u00dcbernahme von Aufsichtsratsmandaten.<\/li><\/ul>\n\n\n\n<p><strong><span style=\"color:#10456f\" class=\"has-inline-color\">Privatpersonen<\/span><\/strong><br>Juristische und steuerliche Beratung in allen privaten Bereichen. Erstellung von Vertr\u00e4gen, Testamenten, Vollmachten etc. Anfertigung der Einkommen-, Erbschaft- und Schenkungsteuererkl\u00e4rung etc. Durchf\u00fchrung von Testamentsvollstreckung.<br><span style=\"color:#10456f\" class=\"has-inline-color\"><strong>Kooperation mit dem Steuerb\u00fcro Sybille Burkhardt<\/strong><\/span><br>Um auch gr\u00f6\u00dfere Aufgaben zufriedenstellend zu erledigen, k\u00f6nnen wir im Einzelfall professionelle Einsatzteams bilden. Dies geschieht durch Kooperation mit dem Steuerb\u00fcro Sybille Burkhardt im gleichen Haus und weiteren Rechtsanw\u00e4lten, Steuerberatern und Wirtschaftspr\u00fcfern in ganz Deutschland.<\/p>\n","protected":false},"excerpt":{"rendered":"<p>UnternehmenJuristische und steuerliche Beratung bei der Unternehmensf\u00fchrung und Steuerung. Beratungsleistungen hinsichtlich Steuergestaltung unternehmerischer und betriebswirtschaftlicher Fragen des betrieblichen Rechnungswesens und des internen Kontrollsystems Existenzgr\u00fcndungsfragen und in Sanierungsf\u00e4llen Erstellung von Lohn- und Finanzbuchhaltung Begleitung bei der Durchf\u00fchrung von Pr\u00fcfungen durch Wirtschaftspr\u00fcfer oder Betriebspr\u00fcfer Vertretung vor Gerichten und Beh\u00f6rden Spezialwissen im Bereich der Pr\u00fcfung und Beratung im &hellip;<\/p>\n<p class=\"read-more\"> <a class=\"\" href=\"https:\/\/kanzlei-stefanwagner.de\/?page_id=117\"> <span class=\"screen-reader-text\">Leistungen<\/span> Weiterlesen &raquo;<\/a><\/p>\n","protected":false},"author":1,"featured_media":0,"parent":0,"menu_order":0,"comment_status":"closed","ping_status":"closed","template":"","meta":{"footnotes":""},"class_list":["post-117","page","type-page","status-publish","hentry"],"_links":{"self":[{"href":"https:\/\/kanzlei-stefanwagner.de\/index.php?rest_route=\/wp\/v2\/pages\/117","targetHints":{"allow":["GET"]}}],"collection":[{"href":"https:\/\/kanzlei-stefanwagner.de\/index.php?rest_route=\/wp\/v2\/pages"}],"about":[{"href":"https:\/\/kanzlei-stefanwagner.de\/index.php?rest_route=\/wp\/v2\/types\/page"}],"author":[{"embeddable":true,"href":"https:\/\/kanzlei-stefanwagner.de\/index.php?rest_route=\/wp\/v2\/users\/1"}],"replies":[{"embeddable":true,"href":"https:\/\/kanzlei-stefanwagner.de\/index.php?rest_route=%2Fwp%2Fv2%2Fcomments&post=117"}],"version-history":[{"count":3,"href":"https:\/\/kanzlei-stefanwagner.de\/index.php?rest_route=\/wp\/v2\/pages\/117\/revisions"}],"predecessor-version":[{"id":123,"href":"https:\/\/kanzlei-stefanwagner.de\/index.php?rest_route=\/wp\/v2\/pages\/117\/revisions\/123"}],"wp:attachment":[{"href":"https:\/\/kanzlei-stefanwagner.de\/index.php?rest_route=%2Fwp%2Fv2%2Fmedia&parent=117"}],"curies":[{"name":"wp","href":"https:\/\/api.w.org\/{rel}","templated":true}]}}