{"id":66,"date":"2021-01-21T06:38:32","date_gmt":"2021-01-21T06:38:32","guid":{"rendered":"http:\/\/kanzlei-stefanwagner.de\/?page_id=66"},"modified":"2021-01-22T12:10:58","modified_gmt":"2021-01-22T12:10:58","slug":"berufstraeger","status":"publish","type":"page","link":"https:\/\/kanzlei-stefanwagner.de\/?page_id=66","title":{"rendered":"Berufstr\u00e4ger"},"content":{"rendered":"\n<p><strong>Rechtsanwalt und Steuerberater<\/strong><\/p>\n\n\n\n<p><strong><span style=\"color:#10456f\" class=\"has-inline-color\">Stefan Wagner<\/span> <\/strong><br>hat nach der Ausbildung zum Bankkaufmann in Frankfurt das Studium der Rechtswissenschaften in Frankfurt und W\u00fcrzburg absolviert und die Referendarzeit mit dem bayerischen zweiten juristischen Staatsexamen erfolgreich abgeschlossen. Es folgte eine langj\u00e4hrige T\u00e4tigkeit in einer gro\u00dfen Wirtschaftspr\u00fcfungsgesellschaft und einer auf das Gesundheitsrecht spezialisierten Rechtsanwaltskanzlei in Frankfurt und K\u00f6ln. W\u00e4hrend dieser Zeit absolvierte Herr Wagner das Steuerberaterexamen.<br>Die jahrzehntelange T\u00e4tigkeit in der Beratung, die er als Sechzehnj\u00e4hriger in der v\u00e4terlichen Rechtsanwalts-, Steuerberater- und Wirtschaftspr\u00fcferkanzlei begann, f\u00fchrte schlie\u00dflich 2006 zur Gr\u00fcndung der Rechtsanwalts- und Steuerberaterkanzlei Stefan Wagner im Schwarzwald.<br>Es erfolgt die Beratung stets aus dem juristischen, steuerlichen und betriebswirtschaftlichen Blickwinkel, sozusagen aus einer Hand.<br>Seit bereits \u00fcber drei Jahrzehnten ist Herr Wagner f\u00fcr verschiedene Wirtschaftspr\u00fcfungsb\u00fcros bei der Pr\u00fcfung und Beratung t\u00e4tig. Insbesondere wegen seiner Spezialkenntnisse im Gesundheitsbereich wird Herr Wagner gerne bei Pr\u00fcfungen und Beratung von Krankenh\u00e4usern in ganz Deutschland hinzugezogen.<\/p>\n","protected":false},"excerpt":{"rendered":"<p>Rechtsanwalt und Steuerberater Stefan Wagner hat nach der Ausbildung zum Bankkaufmann in Frankfurt das Studium der Rechtswissenschaften in Frankfurt und W\u00fcrzburg absolviert und die Referendarzeit mit dem bayerischen zweiten juristischen Staatsexamen erfolgreich abgeschlossen. Es folgte eine langj\u00e4hrige T\u00e4tigkeit in einer gro\u00dfen Wirtschaftspr\u00fcfungsgesellschaft und einer auf das Gesundheitsrecht spezialisierten Rechtsanwaltskanzlei in Frankfurt und K\u00f6ln. W\u00e4hrend dieser &hellip;<\/p>\n<p class=\"read-more\"> <a class=\"\" href=\"https:\/\/kanzlei-stefanwagner.de\/?page_id=66\"> <span class=\"screen-reader-text\">Berufstr\u00e4ger<\/span> Weiterlesen &raquo;<\/a><\/p>\n","protected":false},"author":1,"featured_media":0,"parent":0,"menu_order":0,"comment_status":"closed","ping_status":"closed","template":"","meta":{"footnotes":""},"class_list":["post-66","page","type-page","status-publish","hentry"],"_links":{"self":[{"href":"https:\/\/kanzlei-stefanwagner.de\/index.php?rest_route=\/wp\/v2\/pages\/66","targetHints":{"allow":["GET"]}}],"collection":[{"href":"https:\/\/kanzlei-stefanwagner.de\/index.php?rest_route=\/wp\/v2\/pages"}],"about":[{"href":"https:\/\/kanzlei-stefanwagner.de\/index.php?rest_route=\/wp\/v2\/types\/page"}],"author":[{"embeddable":true,"href":"https:\/\/kanzlei-stefanwagner.de\/index.php?rest_route=\/wp\/v2\/users\/1"}],"replies":[{"embeddable":true,"href":"https:\/\/kanzlei-stefanwagner.de\/index.php?rest_route=%2Fwp%2Fv2%2Fcomments&post=66"}],"version-history":[{"count":9,"href":"https:\/\/kanzlei-stefanwagner.de\/index.php?rest_route=\/wp\/v2\/pages\/66\/revisions"}],"predecessor-version":[{"id":196,"href":"https:\/\/kanzlei-stefanwagner.de\/index.php?rest_route=\/wp\/v2\/pages\/66\/revisions\/196"}],"wp:attachment":[{"href":"https:\/\/kanzlei-stefanwagner.de\/index.php?rest_route=%2Fwp%2Fv2%2Fmedia&parent=66"}],"curies":[{"name":"wp","href":"https:\/\/api.w.org\/{rel}","templated":true}]}}